{"id":212,"date":"2017-02-03T20:24:38","date_gmt":"2017-02-03T20:24:38","guid":{"rendered":"http:\/\/www.seslikuranmeali.com\/?page_id=212"},"modified":"2025-08-31T21:06:58","modified_gmt":"2025-08-31T21:06:58","slug":"anasayfa","status":"publish","type":"page","link":"http:\/\/www.seslikuranmeali.com\/index.php\/anasayfa","title":{"rendered":"Sesli Kuran Meali"},"content":{"rendered":"<h3 style=\"text-align: center;\"><span style=\"color: #003366;\"><strong>Sesli Kuran Meali Sitemizde 4 Farkl\u0131 Kuran ve <\/strong><\/span><\/h3>\n<h3 style=\"text-align: center;\"><span style=\"color: #003366;\"><strong>\u0130ndirili\u015f S\u0131ras\u0131na g\u00f6re Kuran Meali dinleyebilirsiniz.<\/strong><\/span><\/h3>\n<h3 style=\"text-align: center;\"><strong><span style=\"color: #000080;\">Sa\u011f Tarafta bulunan Men\u00fc ile Diledi\u011finiz Meali se\u00e7ebilirsiniz.<\/span><\/strong><\/h3>\n\n\n\n\n\n\n\n\n<script async src=\"https:\/\/pagead2.googlesyndication.com\/pagead\/js\/adsbygoogle.js?client=ca-pub-9920575454273944\"\n     crossorigin=\"anonymous\"><\/script>\n<!-- dikey -->\n<ins class=\"adsbygoogle\"\n     style=\"display:block\"\n     data-ad-client=\"ca-pub-9920575454273944\"\n     data-ad-slot=\"8576346984\"\n     data-ad-format=\"auto\"\n     data-full-width-responsive=\"true\"><\/ins>\n<script>\n     (adsbygoogle = window.adsbygoogle || []).push({});\n<\/script>\n\n","protected":false},"excerpt":{"rendered":"<p>Sesli Kuran Meali Sitemizde 4 Farkl\u0131 Kuran ve \u0130ndirili\u015f S\u0131ras\u0131na g\u00f6re Kuran Meali dinleyebilirsiniz. Sa\u011f Tarafta bulunan Men\u00fc ile Diledi\u011finiz Meali se\u00e7ebilirsiniz.<\/p>\n","protected":false},"author":1,"featured_media":0,"parent":0,"menu_order":0,"comment_status":"closed","ping_status":"closed","template":"","meta":{"footnotes":""},"aioseo_notices":[],"_links":{"self":[{"href":"http:\/\/www.seslikuranmeali.com\/index.php\/wp-json\/wp\/v2\/pages\/212"}],"collection":[{"href":"http:\/\/www.seslikuranmeali.com\/index.php\/wp-json\/wp\/v2\/pages"}],"about":[{"href":"http:\/\/www.seslikuranmeali.com\/index.php\/wp-json\/wp\/v2\/types\/page"}],"author":[{"embeddable":true,"href":"http:\/\/www.seslikuranmeali.com\/index.php\/wp-json\/wp\/v2\/users\/1"}],"replies":[{"embeddable":true,"href":"http:\/\/www.seslikuranmeali.com\/index.php\/wp-json\/wp\/v2\/comments?post=212"}],"version-history":[{"count":4,"href":"http:\/\/www.seslikuranmeali.com\/index.php\/wp-json\/wp\/v2\/pages\/212\/revisions"}],"predecessor-version":[{"id":455,"href":"http:\/\/www.seslikuranmeali.com\/index.php\/wp-json\/wp\/v2\/pages\/212\/revisions\/455"}],"wp:attachment":[{"href":"http:\/\/www.seslikuranmeali.com\/index.php\/wp-json\/wp\/v2\/media?parent=212"}],"curies":[{"name":"wp","href":"https:\/\/api.w.org\/{rel}","templated":true}]}}