{"id":137,"date":"2011-04-03T16:09:06","date_gmt":"2011-04-03T16:09:06","guid":{"rendered":"http:\/\/www.seslikuranmeali.com\/?page_id=137"},"modified":"2025-08-31T21:07:05","modified_gmt":"2025-08-31T21:07:05","slug":"iletisim","status":"publish","type":"page","link":"http:\/\/www.seslikuranmeali.com\/index.php\/iletisim","title":{"rendered":"\u0130leti\u015fim"},"content":{"rendered":"<p>Site y\u00f6neticisi ile ileti\u015fime ge\u00e7mek i\u00e7in\u00a0 <a href=\"mailto:redquantum@gmail.com\">redquantum@gmail.com<\/a> adresine eposta g\u00f6nderebilirsiniz.<\/p>\n\n\n\n\n\n\n\n\n<script async src=\"https:\/\/pagead2.googlesyndication.com\/pagead\/js\/adsbygoogle.js?client=ca-pub-9920575454273944\"\n     crossorigin=\"anonymous\"><\/script>\n<!-- dikey -->\n<ins class=\"adsbygoogle\"\n     style=\"display:block\"\n     data-ad-client=\"ca-pub-9920575454273944\"\n     data-ad-slot=\"8576346984\"\n     data-ad-format=\"auto\"\n     data-full-width-responsive=\"true\"><\/ins>\n<script>\n     (adsbygoogle = window.adsbygoogle || []).push({});\n<\/script>\n\n","protected":false},"excerpt":{"rendered":"<p>Site y\u00f6neticisi ile ileti\u015fime ge\u00e7mek i\u00e7in\u00a0 redquantum@gmail.com adresine eposta g\u00f6nderebilirsiniz.<\/p>\n","protected":false},"author":1,"featured_media":0,"parent":0,"menu_order":7,"comment_status":"closed","ping_status":"closed","template":"","meta":{"footnotes":""},"aioseo_notices":[],"_links":{"self":[{"href":"http:\/\/www.seslikuranmeali.com\/index.php\/wp-json\/wp\/v2\/pages\/137"}],"collection":[{"href":"http:\/\/www.seslikuranmeali.com\/index.php\/wp-json\/wp\/v2\/pages"}],"about":[{"href":"http:\/\/www.seslikuranmeali.com\/index.php\/wp-json\/wp\/v2\/types\/page"}],"author":[{"embeddable":true,"href":"http:\/\/www.seslikuranmeali.com\/index.php\/wp-json\/wp\/v2\/users\/1"}],"replies":[{"embeddable":true,"href":"http:\/\/www.seslikuranmeali.com\/index.php\/wp-json\/wp\/v2\/comments?post=137"}],"version-history":[{"count":4,"href":"http:\/\/www.seslikuranmeali.com\/index.php\/wp-json\/wp\/v2\/pages\/137\/revisions"}],"predecessor-version":[{"id":456,"href":"http:\/\/www.seslikuranmeali.com\/index.php\/wp-json\/wp\/v2\/pages\/137\/revisions\/456"}],"wp:attachment":[{"href":"http:\/\/www.seslikuranmeali.com\/index.php\/wp-json\/wp\/v2\/media?parent=137"}],"curies":[{"name":"wp","href":"https:\/\/api.w.org\/{rel}","templated":true}]}}